{"id":349,"date":"2022-10-25T12:51:29","date_gmt":"2022-10-25T10:51:29","guid":{"rendered":"https:\/\/agnes-caillat-delahaye.fr\/index.php\/contact\/"},"modified":"2025-10-09T21:30:08","modified_gmt":"2025-10-09T19:30:08","slug":"tarifs-osteopathe","status":"publish","type":"page","link":"https:\/\/agnes-caillat-delahaye.fr\/index.php\/tarifs-osteopathe\/","title":{"rendered":"Tarifs ost\u00e9opathie Grenoble"},"content":{"rendered":"\t\t<div data-elementor-type=\"wp-page\" data-elementor-id=\"349\" class=\"elementor elementor-349\" data-elementor-post-type=\"page\">\n\t\t\t\t\t\t<section class=\"elementor-section elementor-top-section elementor-element elementor-element-73aaadfc elementor-section-content-middle elementor-section-full_width elementor-section-height-default elementor-section-height-default\" data-id=\"73aaadfc\" data-element_type=\"section\" data-e-type=\"section\">\n\t\t\t\t\t\t<div class=\"elementor-container elementor-column-gap-no\">\n\t\t\t\t\t<div class=\"elementor-column elementor-col-50 elementor-top-column elementor-element elementor-element-4fe0a67c elementor-invisible\" data-id=\"4fe0a67c\" data-element_type=\"column\" data-e-type=\"column\" data-settings=\"{&quot;animation&quot;:&quot;fadeInUp&quot;}\">\n\t\t\t<div class=\"elementor-widget-wrap elementor-element-populated\">\n\t\t\t\t\t\t<div class=\"elementor-element elementor-element-a2deb93 elementor-widget elementor-widget-menu-anchor\" data-id=\"a2deb93\" data-element_type=\"widget\" data-e-type=\"widget\" data-widget_type=\"menu-anchor.default\">\n\t\t\t\t<div class=\"elementor-widget-container\">\n\t\t\t\t\t\t\t<div class=\"elementor-menu-anchor\" id=\"backtotop\"><\/div>\n\t\t\t\t\t\t<\/div>\n\t\t\t\t<\/div>\n\t\t\t\t<div class=\"elementor-element elementor-element-48efd50c elementor-widget elementor-widget-heading\" data-id=\"48efd50c\" data-element_type=\"widget\" data-e-type=\"widget\" data-widget_type=\"heading.default\">\n\t\t\t\t<div class=\"elementor-widget-container\">\n\t\t\t\t\t<h1 class=\"elementor-heading-title elementor-size-default\">Consultation \u00e0 Grenoble<\/h1>\t\t\t\t<\/div>\n\t\t\t\t<\/div>\n\t\t\t\t<div class=\"elementor-element elementor-element-25212ab elementor-widget elementor-widget-heading\" data-id=\"25212ab\" data-element_type=\"widget\" data-e-type=\"widget\" data-widget_type=\"heading.default\">\n\t\t\t\t<div class=\"elementor-widget-container\">\n\t\t\t\t\t<h2 class=\"elementor-heading-title elementor-size-default\">&amp; Tarif s\u00e9ances d'osth\u00e9opathie<\/h2>\t\t\t\t<\/div>\n\t\t\t\t<\/div>\n\t\t\t\t<div class=\"elementor-element elementor-element-3d3fb25e elementor-widget elementor-widget-text-editor\" data-id=\"3d3fb25e\" data-element_type=\"widget\" data-e-type=\"widget\" data-widget_type=\"text-editor.default\">\n\t\t\t\t<div class=\"elementor-widget-container\">\n\t\t\t\t\t\t\t\t\t<p>Je vous accueille dans mon <strong>cabinet d&rsquo;ost\u00e9opathie et d&rsquo;auriculoth\u00e9rapie \u00e0 Grenoble<\/strong> proche du centre-ville.<br \/>Dans un lieu calme et agr\u00e9able avec facilit\u00e9 de stationnement.<\/p>\t\t\t\t\t\t\t\t<\/div>\n\t\t\t\t<\/div>\n\t\t\t\t<div class=\"elementor-element elementor-element-2cd1f900 elementor-align-start elementor-mobile-align-start elementor-icon-list--layout-traditional elementor-list-item-link-full_width elementor-widget elementor-widget-icon-list\" data-id=\"2cd1f900\" data-element_type=\"widget\" data-e-type=\"widget\" data-widget_type=\"icon-list.default\">\n\t\t\t\t<div class=\"elementor-widget-container\">\n\t\t\t\t\t\t\t<ul class=\"elementor-icon-list-items\">\n\t\t\t\t\t\t\t<li class=\"elementor-icon-list-item\">\n\t\t\t\t\t\t\t\t\t\t\t<a href=\"https:\/\/www.google.com\/maps\/place\/Caillat-Delahaye+Agn%C3%A8s\/@45.1941147,5.7185601,17z\/data=!3m1!4b1!4m5!3m4!1s0x478af373dde47d6d:0x9da027ee31a710ac!8m2!3d45.1941147!4d5.7207488\">\n\n\t\t\t\t\t\t\t\t\t\t\t<span class=\"elementor-icon-list-text\"><b>Adresse :<\/b><br \/> 40 Quai de France, 38000 Grenoble<\/span>\n\t\t\t\t\t\t\t\t\t\t\t<\/a>\n\t\t\t\t\t\t\t\t\t<\/li>\n\t\t\t\t\t\t\t\t<li class=\"elementor-icon-list-item\">\n\t\t\t\t\t\t\t\t\t\t<span class=\"elementor-icon-list-text\"><b>Horaires :<\/b><br \/> Lundi - Vendredi : <strong>7h30 - 19h00 <\/strong><br \/> Samedi : <strong>8h00 -13h00<\/strong> <br \/>  Dimanche : <strong>ferm\u00e9e<\/strong>  <\/span>\n\t\t\t\t\t\t\t\t\t<\/li>\n\t\t\t\t\t\t\t\t<li class=\"elementor-icon-list-item\">\n\t\t\t\t\t\t\t\t\t\t\t<a href=\"tel:0476535332\">\n\n\t\t\t\t\t\t\t\t\t\t\t<span class=\"elementor-icon-list-text\"><b>T\u00e9l\u00e9phone :<\/b><br \/><strong>04 76 53 53 32<\/strong><\/span>\n\t\t\t\t\t\t\t\t\t\t\t<\/a>\n\t\t\t\t\t\t\t\t\t<\/li>\n\t\t\t\t\t\t\t\t<li class=\"elementor-icon-list-item\">\n\t\t\t\t\t\t\t\t\t\t\t<a href=\"https:\/\/www.doctolib.fr\/osteopathe\/grenoble\/agnes-caillat-delahaye\">\n\n\t\t\t\t\t\t\t\t\t\t\t<span class=\"elementor-icon-list-text\"><b>Rendez-vous :<\/b><br \/><strong>doctolib.fr<\/strong><\/span>\n\t\t\t\t\t\t\t\t\t\t\t<\/a>\n\t\t\t\t\t\t\t\t\t<\/li>\n\t\t\t\t\t\t\t\t<li class=\"elementor-icon-list-item\">\n\t\t\t\t\t\t\t\t\t\t\t<a href=\"https:\/\/www.doctolib.fr\/osteopathe\/grenoble\/agnes-caillat-delahaye\">\n\n\t\t\t\t\t\t\t\t\t\t\t<span class=\"elementor-icon-list-text\"><b>Tarif s\u00e9ance d'ost\u00e9opathie :<\/b><br \/>60,00\u20ac<\/span>\n\t\t\t\t\t\t\t\t\t\t\t<\/a>\n\t\t\t\t\t\t\t\t\t<\/li>\n\t\t\t\t\t\t\t\t<li class=\"elementor-icon-list-item\">\n\t\t\t\t\t\t\t\t\t\t\t<a href=\"https:\/\/www.doctolib.fr\/osteopathe\/grenoble\/agnes-caillat-delahaye\">\n\n\t\t\t\t\t\t\t\t\t\t\t<span class=\"elementor-icon-list-text\"><b>Tarif s\u00e9ance d'auriculotherapie:<\/b><br \/>65,00\u20ac<\/span>\n\t\t\t\t\t\t\t\t\t\t\t<\/a>\n\t\t\t\t\t\t\t\t\t<\/li>\n\t\t\t\t\t\t<\/ul>\n\t\t\t\t\t\t<\/div>\n\t\t\t\t<\/div>\n\t\t\t\t<div class=\"elementor-element elementor-element-2962e8e elementor-widget elementor-widget-text-editor\" data-id=\"2962e8e\" data-element_type=\"widget\" data-e-type=\"widget\" data-widget_type=\"text-editor.default\">\n\t\t\t\t<div class=\"elementor-widget-container\">\n\t\t\t\t\t\t\t\t\t<p><strong>Ost\u00e9opathe agr\u00e9e DDRASS<\/strong><\/p><p>Une facture destin\u00e9e \u00e0 la mutuelle vous sera d\u00e9livr\u00e9e<br \/>CB accept\u00e9e<\/p>\t\t\t\t\t\t\t\t<\/div>\n\t\t\t\t<\/div>\n\t\t\t\t\t<\/div>\n\t\t<\/div>\n\t\t\t\t<div class=\"elementor-column elementor-col-50 elementor-top-column elementor-element elementor-element-68cea568 elementor-invisible\" data-id=\"68cea568\" data-element_type=\"column\" data-e-type=\"column\" data-settings=\"{&quot;animation&quot;:&quot;fadeInUp&quot;}\">\n\t\t\t<div class=\"elementor-widget-wrap elementor-element-populated\">\n\t\t\t\t\t\t<div class=\"elementor-element elementor-element-7d1274d9 elementor-widget elementor-widget-google_maps\" data-id=\"7d1274d9\" data-element_type=\"widget\" data-e-type=\"widget\" data-widget_type=\"google_maps.default\">\n\t\t\t\t<div class=\"elementor-widget-container\">\n\t\t\t\t\t\t\t<div class=\"elementor-custom-embed\">\n\t\t\t<iframe loading=\"lazy\"\n\t\t\t\t\tsrc=\"https:\/\/maps.google.com\/maps?q=40%20Quai%20de%20France%2C%2038000%20Grenoble&#038;t=m&#038;z=17&#038;output=embed&#038;iwloc=near\"\n\t\t\t\t\ttitle=\"40 Quai de France, 38000 Grenoble\"\n\t\t\t\t\taria-label=\"40 Quai de France, 38000 Grenoble\"\n\t\t\t><\/iframe>\n\t\t<\/div>\n\t\t\t\t\t\t<\/div>\n\t\t\t\t<\/div>\n\t\t\t\t\t<\/div>\n\t\t<\/div>\n\t\t\t\t\t<\/div>\n\t\t<\/section>\n\t\t\t\t<section class=\"elementor-section elementor-top-section elementor-element elementor-element-55cde73 elementor-section-full_width elementor-section-height-default elementor-section-height-default\" data-id=\"55cde73\" data-element_type=\"section\" data-e-type=\"section\">\n\t\t\t\t\t\t<div class=\"elementor-container elementor-column-gap-no\">\n\t\t\t\t\t<div class=\"elementor-column elementor-col-100 elementor-top-column elementor-element elementor-element-f3aa461\" data-id=\"f3aa461\" data-element_type=\"column\" data-e-type=\"column\">\n\t\t\t<div class=\"elementor-widget-wrap elementor-element-populated\">\n\t\t\t\t\t\t<div class=\"elementor-element elementor-element-3db757a elementor-widget elementor-widget-image\" data-id=\"3db757a\" data-element_type=\"widget\" data-e-type=\"widget\" data-widget_type=\"image.default\">\n\t\t\t\t<div class=\"elementor-widget-container\">\n\t\t\t\t\t\t\t\t\t\t\t\t\t\t\t<img fetchpriority=\"high\" decoding=\"async\" width=\"2560\" height=\"1707\" src=\"https:\/\/agnes-caillat-delahaye.fr\/wp-content\/uploads\/2022\/12\/pied-de-page-scaled.webp\" class=\"attachment-full size-full wp-image-1639\" alt=\"Mme Agn\u00e8s Caillat Delahaye en pleine consultation.\" srcset=\"https:\/\/agnes-caillat-delahaye.fr\/wp-content\/uploads\/2022\/12\/pied-de-page-scaled.webp 2560w, https:\/\/agnes-caillat-delahaye.fr\/wp-content\/uploads\/2022\/12\/pied-de-page-300x200.webp 300w, https:\/\/agnes-caillat-delahaye.fr\/wp-content\/uploads\/2022\/12\/pied-de-page-1024x683.webp 1024w, https:\/\/agnes-caillat-delahaye.fr\/wp-content\/uploads\/2022\/12\/pied-de-page-768x512.webp 768w, https:\/\/agnes-caillat-delahaye.fr\/wp-content\/uploads\/2022\/12\/pied-de-page-1536x1024.webp 1536w, https:\/\/agnes-caillat-delahaye.fr\/wp-content\/uploads\/2022\/12\/pied-de-page-2048x1365.webp 2048w\" sizes=\"(max-width: 2560px) 100vw, 2560px\" \/>\t\t\t\t\t\t\t\t\t\t\t\t\t\t\t<\/div>\n\t\t\t\t<\/div>\n\t\t\t\t\t<\/div>\n\t\t<\/div>\n\t\t\t\t\t<\/div>\n\t\t<\/section>\n\t\t\t\t<\/div>\n\t\t","protected":false},"excerpt":{"rendered":"<p>Consultation \u00e0 Grenoble &amp; Tarif s\u00e9ances d&rsquo;osth\u00e9opathie Je vous accueille dans mon cabinet d&rsquo;ost\u00e9opathie et d&rsquo;auriculoth\u00e9rapie \u00e0 Grenoble proche du centre-ville.Dans un lieu calme et agr\u00e9able avec facilit\u00e9 de stationnement. Adresse : 40 Quai de France, 38000 Grenoble Horaires : Lundi &#8211; Vendredi : 7h30 &#8211; 19h00 Samedi : 8h00 -13h00 Dimanche : ferm\u00e9e T\u00e9l\u00e9phone [&hellip;]<\/p>\n","protected":false},"author":1,"featured_media":0,"parent":0,"menu_order":0,"comment_status":"closed","ping_status":"closed","template":"elementor_header_footer","meta":{"_seopress_robots_primary_cat":"","_seopress_titles_title":"%%title%% ost\u00e9opathe %%page%% %%sep%% %%sitename%%","_seopress_titles_desc":"Je vous accueille dans mon cabinet proche du centre-ville de Grenoble. Dans un lieu calme et agr\u00e9able avec facilit\u00e9 de stationnement.","_seopress_robots_index":"","footnotes":""},"class_list":["post-349","page","type-page","status-publish","hentry"],"_links":{"self":[{"href":"https:\/\/agnes-caillat-delahaye.fr\/index.php\/wp-json\/wp\/v2\/pages\/349","targetHints":{"allow":["GET"]}}],"collection":[{"href":"https:\/\/agnes-caillat-delahaye.fr\/index.php\/wp-json\/wp\/v2\/pages"}],"about":[{"href":"https:\/\/agnes-caillat-delahaye.fr\/index.php\/wp-json\/wp\/v2\/types\/page"}],"author":[{"embeddable":true,"href":"https:\/\/agnes-caillat-delahaye.fr\/index.php\/wp-json\/wp\/v2\/users\/1"}],"replies":[{"embeddable":true,"href":"https:\/\/agnes-caillat-delahaye.fr\/index.php\/wp-json\/wp\/v2\/comments?post=349"}],"version-history":[{"count":98,"href":"https:\/\/agnes-caillat-delahaye.fr\/index.php\/wp-json\/wp\/v2\/pages\/349\/revisions"}],"predecessor-version":[{"id":2073,"href":"https:\/\/agnes-caillat-delahaye.fr\/index.php\/wp-json\/wp\/v2\/pages\/349\/revisions\/2073"}],"wp:attachment":[{"href":"https:\/\/agnes-caillat-delahaye.fr\/index.php\/wp-json\/wp\/v2\/media?parent=349"}],"curies":[{"name":"wp","href":"https:\/\/api.w.org\/{rel}","templated":true}]}}